{"id":1972,"date":"2018-03-16T11:13:02","date_gmt":"2018-03-16T11:13:02","guid":{"rendered":"https:\/\/interreg-hr-ba-me.eu\/2014\/?page_id=1972"},"modified":"2019-07-28T11:45:03","modified_gmt":"2019-07-28T09:45:03","slug":"2nd-call-for-proposals","status":"publish","type":"page","link":"https:\/\/interreg-hr-ba-me.eu\/2014\/for-our-projects\/2nd-call-for-proposals\/","title":{"rendered":"2nd Call for Proposals"},"content":{"rendered":"<p><strong><span style=\"font-weight: 400;\">The Managing Authority is pleased to inform you that the 2nd Call for Proposals of the Interreg IPA Cross-border Cooperation Programme Croatia-Bosnia and Herzegovina-Montenegro 2014-2020 is now open.<\/span><\/strong><\/p>\n<p>Applications may be submitted within the following Priority Axes:<\/p>\n<ol>\n<li>Improving the quality of the services in public health and social care sector;<\/li>\n<li>Protecting the environment and nature, improving risk prevention and promoting sustainable energy and energy efficiency;<\/li>\n<li>Contributing to the development of tourism and preserving cultural and natural heritage; and<\/li>\n<li>Enhancing competitiveness and developing business environment in the Programme area.<\/li>\n<\/ol>\n<p>The amount allocated to the 2nd Call for Proposals is <strong>EUR 25.966.626,00<\/strong> out of which <strong>EUR 22.579.675,00<\/strong> represents EU co-financing and <strong>EUR 3.386.951,00<\/strong> represents national co-financing.<\/p>\n<p>The Application Package for the 2nd Call for Proposals consists of the following documents:<\/p>\n<p><a class=\"suppress-mime\" href=\"https:\/\/interreg-hr-ba-me.eu\/2014\/wp-content\/uploads\/2018\/09\/Guidelines-for-Applicants_2nd-CfP_HR-BA-ME.pdf\" target=\"_blank\" rel=\"noopener noreferrer\">Guidelines for Applicants (GfA)<\/a><br \/>\n<a href=\"https:\/\/interreg-hr-ba-me.eu\/2014\/wp-content\/uploads\/2018\/09\/1.-Template_of_the_Lead_Partner_Statement_2nd_CfP_HR-BA-ME.docx\">Annex 1 \u2013 Template of the Lead Partner Statement<\/a><br \/>\n<a href=\"https:\/\/interreg-hr-ba-me.eu\/2014\/wp-content\/uploads\/2018\/09\/2.-Template_of_the_Project_Partner_Statement_2nd_CfP_HR-BA-ME.docx\">Annex 2 \u2013 Template of the Project Partner Statement<\/a><br \/>\n<a href=\"https:\/\/interreg-hr-ba-me.eu\/2014\/wp-content\/uploads\/2018\/09\/3.-State_Aid_Self-Assesment_Questionnaire_2nd_CfP_HR-BA-ME.docx\">Annex 3 \u2013 State Aid Self-Assessment Questionnaire<\/a><br \/>\n<a href=\"https:\/\/interreg-hr-ba-me.eu\/2014\/wp-content\/uploads\/2018\/09\/4.-Template_of_the_Partnership_Pre-Agreement_2nd_CfP_HR-BA-ME.docx\">Annex 4 \u2013 Template of the Partnership Pre-Agreement<\/a><br \/>\n<a class=\"suppress-mime\" href=\"https:\/\/interreg-hr-ba-me.eu\/2014\/wp-content\/uploads\/2018\/09\/5.-Model_of_the_Subsidy_Contract_2nd_CfP_HR-BA-ME.pdf\" target=\"_blank\" rel=\"noopener noreferrer\">Annex 5 \u2013 Model of the Subsidy Contract<\/a><br \/>\n<a class=\"suppress-mime\" href=\"https:\/\/interreg-hr-ba-me.eu\/2014\/wp-content\/uploads\/2018\/09\/6.-Model_of_the_Partnership_Agreement_2nd_CfP_HR-BA-ME.pdf\" target=\"_blank\" rel=\"noopener noreferrer\">Annex 6 \u2013 Model of the Partnership Agreement<\/a><br \/>\n<a class=\"suppress-mime\" href=\"https:\/\/interreg-hr-ba-me.eu\/2014\/wp-content\/uploads\/2018\/09\/7.-Achievement-of-Programme-output-indicators_HR-BA-ME.pdf\" target=\"_blank\" rel=\"noopener noreferrer\">Annex 7 \u2013 Achievement of the Programme output indicators<\/a><\/p>\n<h3><strong>Tools for preparation of Applications<\/strong><\/h3>\n<p>Managing Authority and Joint Secretariat prepared additional documents (tools) which may be useful in preparation of your Applications. Instructions provided in those documents are for information purposes only. In case of discrepancies between instructions given in the tools documents and those within the Application in electronic Monitoring System (eMS), the Application in electronic Monitoring System (eMS) prevails.<\/p>\n<p>Tools for preparation of Application are:<\/p>\n<ol>\n<li><a class=\"suppress-mime\" href=\"https:\/\/interreg-hr-ba-me.eu\/2014\/wp-content\/uploads\/2018\/09\/Application-Manual-Instructions-how-to-fill-in-the-Application.pdf\" target=\"_blank\" rel=\"noopener noreferrer\">Application Manual<\/a> \u2013 instructions how to fill in the Application <a href=\"https:\/\/interreg-hr-ba-me.eu\/2014\/wp-content\/uploads\/2019\/05\/Application-Manual-Instructions-how-to-fill-in-the-Application-Version-2.0.pdf\" target=\"_blank\" rel=\"noopener noreferrer\">Application Version 2.0<\/a> <strong>NEW!<\/strong><\/li>\n<li><a href=\"https:\/\/interreg-hr-ba-me.eu\/2014\/wp-content\/uploads\/2018\/09\/eMS_offline_template_Application.docx\">eMS offline template for Application<\/a><\/li>\n<li><a href=\"https:\/\/interreg-hr-ba-me.eu\/2014\/wp-content\/uploads\/2018\/09\/eMS_offline_budget.xls\">eMS offline budget<\/a><\/li>\n<li><a class=\"suppress-mime\" href=\"https:\/\/interreg-hr-ba-me.eu\/2014\/wp-content\/uploads\/2018\/09\/Frequently-Asked-Questions.pdf\" target=\"_blank\" rel=\"noopener noreferrer\">Frequently Asked Questions<\/a><\/li>\n<\/ol>\n<h3><strong>Electronic Monitoring System (eMS):<\/strong><\/h3>\n<p>Click here to register to the eMS to register and to fill in the Application: <a href=\"http:\/\/ems.interreg-hr-ba-me2014-2020.eu\">http:\/\/ems.interreg-hr-ba-me2014-2020.eu<\/a>. For any technical difficulties or problems you might experience with the eMS, please contact the programme eMS support at: <a href=\"mailto:ma.ems@interreg-hr-ba-me.eu\">ma.ems@interreg-hr-ba-me.eu<\/a>.<\/p>\n<h3><strong>Questions and answers<\/strong><\/h3>\n<p>Please note that questions related to the 2nd Call for Proposals may be sent in writing in English via e-mail no later than 10 days before the deadline for the submission of applications, indicating clearly the reference of the Call for Proposals to the following e-mail address: <a href=\"mailto:js@interreg-hr-ba-me.eu\">js@interreg-hr-ba-me.eu<\/a>. Please bear in mind that the final decision concerning eligibility of applicants (Lead Partner and Project Partners), activities and expenditures will be brought by the Joint Steering Committee during the process of assessment of applications and is subject to final approval by Joint Monitoring Committee. Therefore, we cannot give a prior opinion on the eligibility via Questions and answers tool.<\/p>\n<p>The Q&amp;A document is available on the link below:<br \/>\n<a href=\"https:\/\/interreg-hr-ba-me.eu\/2014\/wp-content\/uploads\/2019\/05\/20181010_QA.pdf\" target=\"_blank\" rel=\"noopener noreferrer\">20181010_QA<\/a><br \/>\n<a href=\"https:\/\/interreg-hr-ba-me.eu\/2014\/wp-content\/uploads\/2019\/05\/20181025_QA.pdf\" target=\"_blank\" rel=\"noopener noreferrer\">20181025_QA<\/a><br \/>\n<a href=\"https:\/\/interreg-hr-ba-me.eu\/2014\/wp-content\/uploads\/2019\/05\/20181109_QA.pdf\" target=\"_blank\" rel=\"noopener noreferrer\">20181109_QA<\/a><br \/>\n<a href=\"https:\/\/interreg-hr-ba-me.eu\/2014\/wp-content\/uploads\/2019\/05\/20181121_QA.pdf\" target=\"_blank\" rel=\"noopener noreferrer\">20181121_QA<\/a><br \/>\n<a href=\"https:\/\/interreg-hr-ba-me.eu\/2014\/wp-content\/uploads\/2019\/05\/20181207_QA.pdf\" target=\"_blank\" rel=\"noopener noreferrer\">20181207_QA<\/a><br \/>\n<a href=\"https:\/\/interreg-hr-ba-me.eu\/2014\/wp-content\/uploads\/2019\/05\/20181210_Final_QA.pdf\" target=\"_blank\" rel=\"noopener noreferrer\">20181210_Final_QA<\/a><\/p>\n<h3><strong>Information sessions<\/strong><\/h3>\n<p>Please note that the Managing Authority and Joint Secretariat staff will organise 7 information sessions in order to provide detailed information and practical advice for preparation and submission of applications within the 2nd Call for Proposals. Please find the agenda for information session <a class=\"suppress-mime\" href=\"https:\/\/interreg-hr-ba-me.eu\/2014\/wp-content\/uploads\/2018\/09\/HR-BA-ME_2nd_CfP_Za-objavu.zip\">here<\/a>. The schedule for the information sessions is the following:<\/p>\n<table class=\"pure-table pure-table-striped\">\n<tbody>\n<tr>\n<td><strong>DATE<\/strong><\/td>\n<td><strong>PLACE<\/strong><\/td>\n<td><strong>REGISTRATION LINK:<\/strong><\/td>\n<\/tr>\n<tr>\n<td>27 September 2018<\/td>\n<td>Bijeljina, BA<\/td>\n<td><a href=\"https:\/\/goo.gl\/forms\/GFMrgiY8DdPu6Ay42\" target=\"_blank\" rel=\"noopener noreferrer\">https:\/\/goo.gl\/forms\/GFMrgiY8DdPu6Ay42<\/a><\/td>\n<\/tr>\n<tr>\n<td>28 September 2018<\/td>\n<td>Pleternica, HR<\/td>\n<td><a href=\"https:\/\/goo.gl\/forms\/UnW1pnparauR3Tn82\" target=\"_blank\" rel=\"noopener noreferrer\">https:\/\/goo.gl\/forms\/UnW1pnparauR3Tn82<\/a><\/td>\n<\/tr>\n<tr>\n<td>2 October 2018<\/td>\n<td>Nik\u0161i\u0107, ME<\/td>\n<td><a href=\"https:\/\/goo.gl\/forms\/F8yPOVtRlaMCiqLU2\" target=\"_blank\" rel=\"noopener noreferrer\">https:\/\/goo.gl\/forms\/F8yPOVtRlaMCiqLU2<\/a><\/td>\n<\/tr>\n<tr>\n<td>4 October 2018<\/td>\n<td>Tivat, ME<\/td>\n<td><a href=\"https:\/\/remote.hdit.hr\/owa\/redir.aspx?C=crft_TSUiBWrGiexiU9STcc3dPa-h1cie1VPZqb02i2kTQmpER7WCA..&amp;URL=https%3a%2f%2fgoo.gl%2fforms%2fhfjXTXOwMrBRruvh2\" target=\"_blank\" rel=\"noopener noreferrer\">https:\/\/goo.gl\/forms\/hfjXTXOwMrBRruvh2<\/a><\/td>\n<\/tr>\n<tr>\n<td>10 October 2018<\/td>\n<td>Solin, HR<\/td>\n<td><a href=\"https:\/\/goo.gl\/forms\/a2W52cyfmIQnOSZ53\" target=\"_blank\" rel=\"noopener noreferrer\">https:\/\/goo.gl\/forms\/a2W52cyfmIQnOSZ53<\/a><\/td>\n<\/tr>\n<tr>\n<td width=\"151\" height=\"20\">11 October 2018<\/td>\n<td width=\"175\">Livno, BA<\/td>\n<td width=\"278\"><a href=\"https:\/\/goo.gl\/forms\/vr8rOHmwO09zoAX32\" target=\"_blank\" rel=\"noopener noreferrer\">https:\/\/goo.gl\/forms\/vr8rOHmwO09zoAX32<\/a><\/td>\n<\/tr>\n<tr>\n<td>12 October 2018<\/td>\n<td>Biha\u0107, BA<\/td>\n<td><a href=\"https:\/\/goo.gl\/forms\/h03E9HJHhD9BTS803\" target=\"_blank\" rel=\"noopener noreferrer\">https:\/\/goo.gl\/forms\/h03E9HJHhD9BTS803<\/a><\/td>\n<\/tr>\n<\/tbody>\n<\/table>\n<h3><strong>Energy Efficiency &amp; Flood Protection workshop<\/strong><\/h3>\n<p>A thematic workshop covering energy efficiency &amp; flood protection topics from Priority Axis 2 of the Interreg IPA CBC Programme Croatia-Bosnia and Herzegovina-Montenegro 2014-2020 is organized by the Managing Authority on 6 November 2018 in Sarajevo.<\/p>\n<p>The venue of the event is hotel Sarajevo (D\u017eemal Bijedi\u0107 street 169a).<\/p>\n<p>The event agenda is available&nbsp;<a href=\"\/wp-content\/uploads\/2019\/05\/HR-BA-ME_2nd_CfP_PA2_workshop1.pdf\" target=\"_blank\" rel=\"noopener noreferrer\">here.<\/a><\/p>\n<p>Please register for the event&nbsp;<a href=\"https:\/\/docs.google.com\/forms\/d\/e\/1FAIpQLScbBxVLIQLVwFtcZIEpktvT0eOP_JwSA6iATJA-NKbIbFmC6Q\/viewform\" target=\"_blank\" rel=\"noopener noreferrer\">here.<\/a>&nbsp;Please note that the number of representatives from one institution is limited to two persons. Participation of a maximum of 50 persons is foreseen for the workshop.<\/p>\n<h3><strong>Project Clinics<\/strong><\/h3>\n<p>The Managing Authority and Joint Secretariat of the Interreg IPA Cross-border Cooperation Programme Croatia \u2013 Bosnia and Herzegovina \u2013 Montenegro 2014-2020 are organizing a series of Project Clinics with the aim of providing assistance to applicants whose project proposals are at an advanced level of preparation and need final assistance concerning project design or project budget.<\/p>\n<p>The schedule of Project Clinics, agendas and links to apply are listed below:<\/p>\n<table>\n<colgroup>\n<col>\n<col>\n<col>\n<col><\/colgroup>\n<tbody>\n<tr>\n<th>Date<\/th>\n<th>Location<\/th>\n<th>Agenda<\/th>\n<th>Registration link<\/th>\n<\/tr>\n<tr>\n<td>13 November 2018<\/td>\n<td>Karlovac, Croatia<br \/>\nJavna ustanova Aquatika,<br \/>\nBranka \u010cavlovi\u0107a \u010cavleka 1A<\/td>\n<td><a href=\"\/wp-content\/uploads\/2019\/05\/HR-BA-ME_agenda_Karlovac.pdf\" target=\"_blank\" rel=\"noopener noreferrer\">Click here<\/a><\/td>\n<td><a href=\"https:\/\/docs.google.com\/forms\/d\/e\/1FAIpQLSfisSXF-SjWSwHmAc283blo3aaR3g1Kf-eol2bCWEYYDdqJnQ\/viewform\">Click here<\/a><\/td>\n<\/tr>\n<tr>\n<td>16 November 2018<\/td>\n<td>Zenica,<br \/>\nBosnia and Herzegovina<br \/>\nHotel Dubrovnik, \u0160kolska 10<\/td>\n<td><a href=\"\/wp-content\/uploads\/2019\/05\/HR-BA-ME_agenda_Zenica-i-Cetinje.pdf\" target=\"_blank\" rel=\"noopener noreferrer\">Click here<\/a><\/td>\n<td><a href=\"https:\/\/docs.google.com\/forms\/d\/e\/1FAIpQLSeNSLeW7su06X7pCrQZVM_hPh6hphZqN9-VL8xUe-hsgiQ3Ow\/viewform\">Click here<\/a><\/td>\n<\/tr>\n<tr>\n<td>22 November 2018<\/td>\n<td>Cetinje, Montenegro<br \/>\nSala Skup\u0161tine Prijestolnice Cetinje,<br \/>\nBajova 2<\/td>\n<td><a href=\"\/wp-content\/uploads\/2019\/05\/HR-BA-ME_agenda_Zenica-i-Cetinje.pdf\" target=\"_blank\" rel=\"noopener noreferrer\">Click here<\/a><\/td>\n<td><a href=\"https:\/\/docs.google.com\/forms\/d\/e\/1FAIpQLSfLAWJTvLEb3tdFg_QdtMrA0HgP_5p3JykXGfuAn9YT2AEKwA\/viewform\">Click here<\/a><\/td>\n<\/tr>\n<\/tbody>\n<\/table>\n<p>Follow us on our Facebook and web page for more information!<\/p>\n","protected":false},"excerpt":{"rendered":"<p>The Managing Authority is pleased to inform you that the 2nd Call for Proposals of the Interreg IPA Cross-border Cooperation Programme Croatia-Bosnia and Herzegovina-Montenegro 2014-2020 is now open. Applications may &#8230; <a title=\"2nd Call for Proposals\" class=\"read-more\" href=\"https:\/\/interreg-hr-ba-me.eu\/2014\/for-our-projects\/2nd-call-for-proposals\/\" aria-label=\"More on 2nd Call for Proposals\">Read more<\/a><\/p>\n","protected":false},"author":8,"featured_media":4313,"parent":2793,"menu_order":0,"comment_status":"closed","ping_status":"closed","template":"","meta":[],"_links":{"self":[{"href":"https:\/\/interreg-hr-ba-me.eu\/2014\/wp-json\/wp\/v2\/pages\/1972"}],"collection":[{"href":"https:\/\/interreg-hr-ba-me.eu\/2014\/wp-json\/wp\/v2\/pages"}],"about":[{"href":"https:\/\/interreg-hr-ba-me.eu\/2014\/wp-json\/wp\/v2\/types\/page"}],"author":[{"embeddable":true,"href":"https:\/\/interreg-hr-ba-me.eu\/2014\/wp-json\/wp\/v2\/users\/8"}],"replies":[{"embeddable":true,"href":"https:\/\/interreg-hr-ba-me.eu\/2014\/wp-json\/wp\/v2\/comments?post=1972"}],"version-history":[{"count":0,"href":"https:\/\/interreg-hr-ba-me.eu\/2014\/wp-json\/wp\/v2\/pages\/1972\/revisions"}],"up":[{"embeddable":true,"href":"https:\/\/interreg-hr-ba-me.eu\/2014\/wp-json\/wp\/v2\/pages\/2793"}],"wp:featuredmedia":[{"embeddable":true,"href":"https:\/\/interreg-hr-ba-me.eu\/2014\/wp-json\/wp\/v2\/media\/4313"}],"wp:attachment":[{"href":"https:\/\/interreg-hr-ba-me.eu\/2014\/wp-json\/wp\/v2\/media?parent=1972"}],"curies":[{"name":"wp","href":"https:\/\/api.w.org\/{rel}","templated":true}]}}