{"id":68,"date":"2015-12-07T13:26:42","date_gmt":"2015-12-07T13:26:42","guid":{"rendered":"https:\/\/interreg-hr-ba-me.eu\/2014\/?page_id=68"},"modified":"2025-07-14T13:35:56","modified_gmt":"2025-07-14T11:35:56","slug":"contacts","status":"publish","type":"page","link":"https:\/\/interreg-hr-ba-me.eu\/2014\/contacts\/","title":{"rendered":"Contacts"},"content":{"rendered":"\t\t<div data-elementor-type=\"wp-page\" data-elementor-id=\"68\" class=\"elementor elementor-68\">\n\t\t\t\t\t\t<div class=\"elementor-inner\">\n\t\t\t\t<div class=\"elementor-section-wrap\">\n\t\t\t\t\t\t\t\t\t<section class=\"elementor-section elementor-top-section elementor-element elementor-element-2d486ec4 elementor-section-boxed elementor-section-height-default elementor-section-height-default\" data-id=\"2d486ec4\" data-element_type=\"section\">\n\t\t\t\t\t\t<div class=\"elementor-container elementor-column-gap-default\">\n\t\t\t\t\t\t\t<div class=\"elementor-row\">\n\t\t\t\t\t<div class=\"elementor-column elementor-col-100 elementor-top-column elementor-element elementor-element-46931a46\" data-id=\"46931a46\" data-element_type=\"column\">\n\t\t\t<div class=\"elementor-column-wrap elementor-element-populated\">\n\t\t\t\t\t\t\t<div class=\"elementor-widget-wrap\">\n\t\t\t\t\t\t<div class=\"elementor-element elementor-element-241f359e elementor-widget elementor-widget-text-editor\" data-id=\"241f359e\" data-element_type=\"widget\" data-widget_type=\"text-editor.default\">\n\t\t\t\t<div class=\"elementor-widget-container\">\n\t\t\t\t\t\t\t\t<div class=\"elementor-text-editor elementor-clearfix\">\n\t\t\t\t<p><!-- wp:heading {\"level\":3} --><\/p>\n<h3><strong>Programme contacts:<\/strong><\/h3>\n<p><!-- \/wp:heading --><\/p>\n<p><!-- wp:paragraph --><\/p>\n<p><strong>Managing Authority<\/strong><br \/><strong>Ministry of Regional Development and EU funds of the Republic of Croatia<\/strong><br \/>Miramarska cesta 22, 10000 Zagreb, Croatia<br \/>Email:\u00a0<a href=\"mailto:ma@interreg-hr-ba-me.eu\">ma@interreg-hr-ba-me.eu<\/a><\/p>\n<p><!-- \/wp:paragraph --><\/p>\n<p><!-- wp:paragraph --><\/p>\n<p><strong>Joint Secretariat<\/strong><br \/><strong>Ministry of Regional Development and EU funds of the Republic of Croatia<br \/><\/strong>Miramarska cesta 22, 10000 Zagreb, Croatia<br \/>Email:\u00a0<a href=\"mailto:js@interreg-hr-ba-me.eu\">js@interreg-hr-ba-me.eu<\/a><\/p>\n<p><!-- \/wp:paragraph --><\/p>\n<p><!-- wp:paragraph --><\/p>\n<p><strong>Irregularities and fraud<\/strong><br \/>For reporting on irregularities and fraud, please contact:<br \/>Email: <a href=\"mailto:irregularities_fraud@interreg-hr-ba-me.eu\">irregularities_fraud@interreg-hr-ba-me.eu<\/a><br \/>Email: <a href=\"mailto:nepravilnosti.eu@mfin.hr\">nepravilnosti.eu@mfin.hr<\/a><br \/>Email: <a href=\"mailto:OLAF-FMB-SPE@ec.europa.eu\">OLAF-FMB-SPE@ec.europa.eu<\/a><\/p>\n<p><!-- \/wp:paragraph --><\/p>\n<p><!-- wp:paragraph --><\/p>\n<p><strong>electronic Monitoring System (eMS)<\/strong><br \/>Email: <a href=\"mailto:ma.ems@interreg-hr-ba-me.eu\">ma.ems@interreg-hr-ba-me.eu<\/a><\/p>\n<p><!-- \/wp:paragraph --><\/p>\n<p><!-- wp:spacer {\"height\":30} --><\/p>\n<div style=\"height: 30px;\" aria-hidden=\"true\">\u00a0<\/div>\n<p><!-- \/wp:spacer --><\/p>\n<p><!-- wp:heading {\"level\":3} --><\/p>\n<h3><strong>Managing Authority<\/strong><\/h3>\n<p><!-- \/wp:heading --><\/p>\n<p><!-- wp:paragraph --><\/p>\n<p><strong>Head of Sector, Marko Peri\u0107<\/strong><br \/>Email: <a href=\"mailto:marko.peric@mrrfeu.hr\">marko.peric@mrrfeu.hr<br \/><\/a>Email:\u00a0<a href=\"mailto:ma@interreg-hr-ba-me.eu\">ma@interreg-hr-ba-me.eu<\/a><\/p>\n<p><!-- \/wp:paragraph --><\/p>\n<p><!-- wp:paragraph --><\/p>\n<p><strong><strong>Head of Service for implementation, monitoring and evaluation of cooperation programmes, Marina \u0160kunca<\/strong><\/strong><br \/>Email:\u00a0<a href=\"mailto:marina.skunca@mrrfeu.hr\">marina.skunca@mrrfeu.hr<\/a><br \/>Email: <a href=\"mailto:ma@interreg-hr-ba-me.eu\">ma@interreg-hr-ba-me.eu<\/a><\/p>\n<p><!-- \/wp:paragraph --><\/p>\n<p><!-- wp:paragraph --><\/p>\n<p><strong>Head of Department for coordination of implementation of cooperation programmes, \u0110ana Petra\u010dija<\/strong><br \/>Tel: +385 (0)1 64 71 254<br \/>Email: <a href=\"mailto:dana.petracija@mrrfeu.hr\">dana.petracija@mrrfeu.hr<\/a><\/p>\n<p><!-- \/wp:paragraph --><\/p>\n<p><!-- wp:paragraph --><\/p>\n<p><strong>Programme Manager, Tereza Begovi\u0107 Gudelj<\/strong><br \/>Tel: +385 (0)1 63 91 474<br \/>Email:\u00a0<a href=\"mailto:tereza.begovicgudelj@mrrfeu.hr\">tereza.begovicgudelj@mrrfeu.hr<\/a><\/p>\n<p><!-- \/wp:paragraph --><\/p>\n<p><!-- wp:paragraph --><\/p>\n<p><strong>Head of Department for horizontal affairs, Jelena Glazer<\/strong><br \/>Tel: +385 (0)1 64 68 943<br \/>Email:\u00a0<a href=\"mailto:jelena.plavetic@mrrfeu.hr\">jelena.plavetic@mrrfeu.hr<\/a><\/p>\n<p><!-- \/wp:paragraph --><\/p>\n<p><!-- wp:paragraph --><\/p>\n<p><strong>Monitoring, Evaluation and Reporting Officer, Danijela Merkler<\/strong><br \/>Tel: +385 (0)1 64 68 953<br \/>Email:\u00a0<a href=\"mailto:danijela.merkler@mrrfeu.hr\">danijela.merkler@mrrfeu.hr<\/a><\/p>\n<p><!-- \/wp:paragraph --><\/p>\n<p><!-- wp:paragraph --><\/p>\n<p><strong>eMS Manager, Maja Peteki\u0107<\/strong><br \/>Tel: +385 (0)1 64 68 957<br \/>Email:\u00a0<a href=\"mailto:maja.petekic@mrrfeu.hr\">maja.petekic@mrrfeu.hr<br \/><\/a>Email:\u00a0<a href=\"mailto:ma.ems@interreg-hr-ba-me.eu\">ma.ems@interreg-hr-ba-me.eu<\/a><\/p>\n<p><!-- \/wp:paragraph --><\/p>\n<p><!-- wp:paragraph --><\/p>\n<p><strong>Communication Officer<\/strong><br \/>Email: <a href=\"mailto:ma@interreg-hr-ba-me.eu\">ma@interreg-hr-ba-me.eu<\/a><\/p>\n<p><!-- \/wp:paragraph --><\/p>\n<p><!-- wp:spacer {\"height\":30} --><\/p>\n<div style=\"height: 30px;\" aria-hidden=\"true\">\u00a0<\/div>\n<p><!-- \/wp:spacer --><\/p>\n<p><!-- wp:heading {\"level\":3} --><\/p>\n<h3><strong>Joint Secretariat<\/strong><\/h3>\n<p><!-- \/wp:heading --><\/p>\n<p><!-- wp:paragraph --><\/p>\n<p><strong>Head of Joint Secretariat, Kristijan Futa\u010d<\/strong><br \/>Tel:\u00a0+385 (1) 48 11 795<br \/>Email:\u00a0<a href=\"mailto:futac@interreg-hr-ba-me.eu\">futac@interreg-hr-ba-me.eu<\/a><\/p>\n<p><!-- \/wp:paragraph --><\/p>\n<p><!-- wp:paragraph --><\/p>\n<p><strong>Project manager, Damir Kuzmi\u0107<\/strong><br \/>Tel:\u00a0+385 (1) 64 00 693<br \/>Email:\u00a0<a href=\"mailto:kuzmic@interreg-hr-ba-me.eu\">kuzmic@interreg-hr-ba-me.eu<\/a><\/p>\n<p><!-- \/wp:paragraph --><\/p>\n<p><!-- wp:paragraph --><\/p>\n<p><strong>Project Manager, Nina Serti\u0107<\/strong><br \/>Tel:\u00a0+385 (1) 64 00 695<br \/>Email:\u00a0<a href=\"mailto:sertic@interreg-hr-ba-me.eu\">sertic@interreg-hr-ba-me.eu<\/a><\/p>\n<p><!-- \/wp:paragraph --><\/p>\n<p><!-- wp:paragraph --><\/p>\n<p><strong>Project Manager, Ja\u0161a Jarec<\/strong><br \/>Tel:\u00a0+385 (1) 64 68 949<br \/>Email:\u00a0<a href=\"mailto:jarec@interreg-hr-ba-me.eu\">jarec@interreg-hr-ba-me.eu<\/a><\/p>\n<p><!-- \/wp:paragraph --><\/p>\n<p><!-- wp:paragraph --><\/p>\n<p><strong>Project Manager, Anita Paurevi\u0107<\/strong><br \/>Tel:\u00a0+385 (1) 64 68 947<br \/>Email:\u00a0<a href=\"mailto:paurevic@interreg-hr-ba-me.eu\">paurevic@interreg-hr-ba-me.eu<\/a><\/p>\n<p><!-- \/wp:paragraph --><\/p>\n<p><!-- wp:paragraph --><\/p>\n<p><strong>Joint Secretariat Branch Office in Montenegro (Podgorica)<\/strong><br \/>Bulevar Ivana Crnojevi\u0107a 167, 81000 Podgorica<br \/><strong>Project Manager, Dragan \u0110uri\u0161i\u0107<\/strong><br \/>Email:\u00a0<a href=\"mailto:durisic@interreg-hr-ba-me.eu\">durisic@interreg-hr-ba-me.eu<\/a><br \/><strong>Project Manager, Vlado Stojkovi\u0107<\/strong><br \/>Email:\u00a0<a href=\"mailto:stojkovic@interreg-hr-ba-me.eu\">stojkovic@interreg-hr-ba-me.eu<\/a><\/p>\n<p><!-- \/wp:paragraph --><\/p>\n<p><!-- wp:paragraph --><\/p>\n<p><strong>Joint Secretariat Branch Office in Bosnia and Herzegovina (Banja Luka) <\/strong><br \/>Veselina Masle\u0161e 1\/IX (Office no. 2), 78000 Banja Luka<br \/><strong>Project Manager, Milica Bodro\u017ea<\/strong><br \/>Tel:\u00a0+387 (51) 927 207<br \/>Email:\u00a0<a style=\"background-color: #ffffff;\" href=\"mailto:bodroza@interreg-hr-ba-me.eu\" target=\"_blank\" rel=\"noopener\">bodroza@interreg-hr-ba-me.eu<\/a><\/p>\n<p><!-- \/wp:paragraph --><\/p>\n<p><!-- wp:paragraph --><\/p>\n<p><strong>Joint Secretariat Branch Office in Bosnia and Herzegovina \u2013 Mostar<\/strong><br \/>Husnije Repca bb, 88000 Mostar<br \/><strong>Project Manager, Emica Mu\u0161i\u0107<\/strong><br \/>Tel:\u00a0+387 (51) 36 580 820<br \/>Email:\u00a0<a style=\"background-color: #ffffff;\" href=\"mailto:music@interreg-hr-ba-me.eu\">music@interreg-hr-ba-me.eu<\/a> <br \/><strong>Project Manager, Marina Kavaz-Siru\u010di\u0107<\/strong><br \/>Tel:\u00a0+387 (51) 36 580 820<br \/>Email:\u00a0<a style=\"background-color: #ffffff;\" href=\"mailto:kavazsirucic@interreg-hr-ba-me.eu\" target=\"_blank\" rel=\"noopener\">kavazsirucic@interreg-hr-ba-me.eu<\/a><\/p>\n<p><!-- \/wp:paragraph --><\/p>\t\t\t\t\t<\/div>\n\t\t\t\t\t\t<\/div>\n\t\t\t\t<\/div>\n\t\t\t\t\t\t<\/div>\n\t\t\t\t\t<\/div>\n\t\t<\/div>\n\t\t\t\t\t\t\t\t<\/div>\n\t\t\t\t\t<\/div>\n\t\t<\/section>\n\t\t\t\t\t\t\t\t\t<\/div>\n\t\t\t<\/div>\n\t\t\t\t\t<\/div>\n\t\t","protected":false},"excerpt":{"rendered":"<p>Programme contacts: Managing AuthorityMinistry of Regional Development and EU funds of the Republic of CroatiaMiramarska cesta 22, 10000 Zagreb, CroatiaEmail:\u00a0ma@interreg-hr-ba-me.eu Joint SecretariatMinistry of Regional Development and EU funds of the &#8230; <a title=\"Contacts\" class=\"read-more\" href=\"https:\/\/interreg-hr-ba-me.eu\/2014\/contacts\/\" aria-label=\"More on Contacts\">Read more<\/a><\/p>\n","protected":false},"author":8,"featured_media":4313,"parent":0,"menu_order":0,"comment_status":"closed","ping_status":"closed","template":"","meta":[],"_links":{"self":[{"href":"https:\/\/interreg-hr-ba-me.eu\/2014\/wp-json\/wp\/v2\/pages\/68"}],"collection":[{"href":"https:\/\/interreg-hr-ba-me.eu\/2014\/wp-json\/wp\/v2\/pages"}],"about":[{"href":"https:\/\/interreg-hr-ba-me.eu\/2014\/wp-json\/wp\/v2\/types\/page"}],"author":[{"embeddable":true,"href":"https:\/\/interreg-hr-ba-me.eu\/2014\/wp-json\/wp\/v2\/users\/8"}],"replies":[{"embeddable":true,"href":"https:\/\/interreg-hr-ba-me.eu\/2014\/wp-json\/wp\/v2\/comments?post=68"}],"version-history":[{"count":61,"href":"https:\/\/interreg-hr-ba-me.eu\/2014\/wp-json\/wp\/v2\/pages\/68\/revisions"}],"predecessor-version":[{"id":9011,"href":"https:\/\/interreg-hr-ba-me.eu\/2014\/wp-json\/wp\/v2\/pages\/68\/revisions\/9011"}],"wp:featuredmedia":[{"embeddable":true,"href":"https:\/\/interreg-hr-ba-me.eu\/2014\/wp-json\/wp\/v2\/media\/4313"}],"wp:attachment":[{"href":"https:\/\/interreg-hr-ba-me.eu\/2014\/wp-json\/wp\/v2\/media?parent=68"}],"curies":[{"name":"wp","href":"https:\/\/api.w.org\/{rel}","templated":true}]}}