{"id":70,"date":"2015-12-07T13:27:05","date_gmt":"2015-12-07T13:27:05","guid":{"rendered":"https:\/\/interreg-hr-ba-me.eu\/2014\/?page_id=70"},"modified":"2021-09-09T09:05:50","modified_gmt":"2021-09-09T07:05:50","slug":"programme-facts","status":"publish","type":"page","link":"https:\/\/interreg-hr-ba-me.eu\/2014\/about-programme\/programme-facts\/","title":{"rendered":"Programme Facts"},"content":{"rendered":"\n<p>Interreg IPA Cross-border Cooperation Programme Croatia-Bosnia and Herzegovina-Montenegro 2014-2020 is a trilateral programme envisaged to be implemented during financial period 2014-2020.<\/p>\n\n\n\n<p>The overall objective of the Interreg IPA Cross-border Cooperation Programme Croatia-Bosnia and Herzegovina-Montenegro 2014-2020 is to strengthen the social, economic and territorial development of the cross-border area through the implementation of joint projects and activities to be supported within four priority axes:<\/p>\n\n\n\n<p><i class=\"fa fa-circle\" style=\"color: #ea6647;\"><\/i> Priority Axis 1 &#8211; Improving the quality of the services in public health and social care sector.<br>\n<i class=\"fa fa-circle\" style=\"color: #98c222;\"><\/i> Priority Axis 2 &#8211; Protecting the environment and nature, improving risk prevention and promoting sustainable energy and energy efficiency.<br>\n<i class=\"fa fa-circle\" style=\"color: #7F3F98;\"><\/i> Priority Axis 3 &#8211; Contributing to the development of tourism and preserving cultural and natural heritage.<br>\n<i class=\"fa fa-circle\" style=\"color: #1cb8cf;\"><\/i> Priority Axis 4 &#8211; Enhancing competitiveness and developing business environment in the programme area.<\/p>\n\n\n\n<p>Within four priority axes, the Programme defines five specific objectives that indicate specific changes that the Interreg IPA Cross-border Cooperation Programme Croatia-Bosnia and Herzegovina-Montenegro 2014-2020 anticipates to achieve through implementation of specific actions and realization of related outputs.<\/p>\n\n\n\n<p>The programme area includes 12 counties on the Croatian side, Br\u010dko District and 109 municipalities on the side of Bosnia and Herzegovina and 10 municipalities on the Montenegrin side. The geographical area amounts to total of 87.453.95 km2 with 5.587.836 inhabitants within the programme area.<\/p>\n\n\n\n<p>The Croatian part of the programme area covers 38.405.00 km2 and includes the following counties: Zagreb County, Sisak-Moslavina County, Karlovac County, Bjelovar-Bilogora County, Lika-Senj County, Po\u017eega-Slavonia County, Brod-Posavina County, Zadar County, \u0160ibenik-Knin County, Vukovar-Srijem County, Split-Dalmatia County and Dubrovnik-Neretva County.<\/p>\n\n\n\n<p>The programme area within Bosnia and Herzegovina covers 42.540.95 km2 and includes Br\u010dko District of Bosnia and Herzegovina and the following municipalities: Bijeljina, Teo\u010dak, Ugljevik, Lopare, Tuzla, Lukavac, \u010celi\u0107, Srebrenik, Petrovo, Gra\u010danica, Doboj Istok, Grada\u010dac, Pelagi\u0107evo, Donji \u017dabar, Ora\u0161je, Domaljevac-\u0160amac, \u0160amac, Modri\u010da, Vukosavlje, Od\u017eak, Brod, Srebrenica, Bratunac, Mili\u0107i, Han-Pijesak, Vlasenica, Kladanj, \u0160ekovi\u0107i, Kalesija, Osmaci, Zvornik, Banovi\u0107i, \u017divinice, Sapna, Prnjavor, Srbac, Lakta\u0161i, \u010celinac, Kotor Varo\u0161, Kne\u017eevo, Dobreti\u0107i, \u0160ipovo, Jajce, Jezero, Mrkonji\u0107 Grad, Banja Luka, Gradi\u0161ka, Kozarska Dubica, Prijedor, O\u0161tra Luka, Sanski Most, Klju\u010d, Ribnik, Glamo\u010d, Bosansko Grahovo, Drvar, Isto\u010dni Drvar, Petrovac, Bosanski Petrovac, Bosanska Krupa, Krupa na Uni, Novi Grad, Kostajnica, Bu\u017eim, Velika Kladu\u0161a, Cazin, Biha\u0107, Doboj, Derventa, Prozor\/Rama, Konjic, Nevesinje, Gacko, Bile\u0107a, Trebinje, Ravno, Ljubinje, Berkovi\u0107i, Mostar, Jablanica, Kupres, Kupres (RS), Tomislavgrad, Posu\u0161je, \u0160iroki Brijeg, \u010citluk, Stolac, Neum, \u010capljina, Ljubu\u0161ki, Grude, Livno, Isto\u010dni Mostar, Doboj Jug, Kakanj, Maglaj, Te\u0161anj, Usora, Zavidovi\u0107i, Zenica, \u017dep\u010de, Bugojno, Busova\u010da, Donji Vakuf, Gornji Vakuf-Uskoplje, Novi Travnik, Travnik, Vitez and Tesli\u0107.<\/p>\n\n\n\n<p>The Montenegrian part of the programme area covers 13.812.00 km2 and includes the municipalities as follows: Herceg Novi, Kotor, Tivat, Budva, Bar, Ulcinj, Cetinje, Nik\u0161i\u0107, Podgorica, Tuzi and Danilovgrad.<\/p>\n\n\n\n<p><strong>A map of the area covered by the cooperation programme<\/strong><\/p>\n\n\n\n<figure class=\"wp-block-image alignnone size-large\"><a href=\"https:\/\/interreg-hr-ba-me.eu\/2014\/wp-content\/uploads\/2021\/09\/APA.jpg\" rel=\"noopener noreferrer\"><img loading=\"lazy\" width=\"1024\" height=\"969\" src=\"https:\/\/interreg-hr-ba-me.eu\/2014\/wp-content\/uploads\/2021\/09\/APA-1024x969.jpg\" alt=\"\" class=\"wp-image-7552\" srcset=\"https:\/\/interreg-hr-ba-me.eu\/2014\/wp-content\/uploads\/2021\/09\/APA-1024x969.jpg 1024w, https:\/\/interreg-hr-ba-me.eu\/2014\/wp-content\/uploads\/2021\/09\/APA-300x284.jpg 300w, https:\/\/interreg-hr-ba-me.eu\/2014\/wp-content\/uploads\/2021\/09\/APA-768x727.jpg 768w, https:\/\/interreg-hr-ba-me.eu\/2014\/wp-content\/uploads\/2021\/09\/APA.jpg 1151w\" sizes=\"(max-width: 1024px) 100vw, 1024px\" \/><\/a><figcaption>This geographical representation of the territory covered by the Programme is without prejudice to the settlement of the dispute regarding the extension of the state border between Croatia \u2013 Bosnia and Herzegovina \u2013 Montenegro.<\/figcaption><\/figure>\n\n\n\n<p>The overall programme EU budget is EUR 57,155,316. Detailed indicative total programme budget breakdown per Priority Axes is given in the table below:<\/p>\n\n\n\n<figure class=\"wp-block-table pure-table pure-table-striped\"><table><tbody><tr><td><strong>Priority axis<\/strong><\/td><td><strong>Union support<\/strong><\/td><td><strong>National counterpart<\/strong><\/td><td><strong>Total funding<\/strong><\/td><\/tr><tr><td>PA1<\/td><td>EUR&nbsp; 8,573,297<\/td><td>EUR 1,512,935<\/td><td>EUR 10,086,232<\/td><\/tr><tr><td>PA2<\/td><td>EUR 14,288,830<\/td><td>EUR 2,521,559<\/td><td>EUR 16,810,389<\/td><\/tr><tr><td>PA3<\/td><td>EUR 17,146,595<\/td><td>EUR 3,025,870<\/td><td>EUR 20,172,465<\/td><\/tr><tr><td>PA4<\/td><td>EUR 11,431,063<\/td><td>EUR 2,017,247<\/td><td>EUR 13,448,310<\/td><\/tr><tr><td>PA5<\/td><td>EUR 5,715,531<\/td><td>EUR 1,008,625<\/td><td>EUR 6,724,156<\/td><\/tr><tr><td><strong>Total<\/strong><\/td><td>EUR 57,155,316<\/td><td>EUR 10,086,236<\/td><td>EUR 67,241,552<\/td><\/tr><\/tbody><\/table><\/figure>\n\n\n\n<p> The Programme is managed by the Managing Authority, acting within the Ministry of Regional Development and EU Funds of the Republic of Croatia. The Managing Authority is supported with respective National Authorities, Ministry of Regional Development and EU Funds in Croatia, Directorate for European Integration in Bosnia and Herzegovina and Ministry of Foreign Affairs and European Integration in Montenegro. Other programme bodies that make part of the Programme management structure are Joint Monitoring Committee, the programme body responsible for reviewing the effectiveness, quality and coherence of the implementation of all actions towards meeting the programme objectives, Certifying Authority, the programme body responsible for making payments to the Lead beneficiaries, Audit Authority, the programme body responsible for carrying out system audit and audit of operations and Joint Secretariat, responsible for&nbsp; providing support to Managing Authority and Joint Monitoring Committee in carrying out their respective functions. Read more about Programme bodies <a href=\"\/about-programme\/programme-bodies\/\">here<\/a>. <\/p>\n","protected":false},"excerpt":{"rendered":"<p>Interreg IPA Cross-border Cooperation Programme Croatia-Bosnia and Herzegovina-Montenegro 2014-2020 is a trilateral programme envisaged to be implemented during financial period 2014-2020. The overall objective of the Interreg IPA Cross-border Cooperation &#8230; <a title=\"Programme Facts\" class=\"read-more\" href=\"https:\/\/interreg-hr-ba-me.eu\/2014\/about-programme\/programme-facts\/\" aria-label=\"More on Programme Facts\">Read more<\/a><\/p>\n","protected":false},"author":8,"featured_media":4313,"parent":2791,"menu_order":0,"comment_status":"closed","ping_status":"closed","template":"","meta":[],"_links":{"self":[{"href":"https:\/\/interreg-hr-ba-me.eu\/2014\/wp-json\/wp\/v2\/pages\/70"}],"collection":[{"href":"https:\/\/interreg-hr-ba-me.eu\/2014\/wp-json\/wp\/v2\/pages"}],"about":[{"href":"https:\/\/interreg-hr-ba-me.eu\/2014\/wp-json\/wp\/v2\/types\/page"}],"author":[{"embeddable":true,"href":"https:\/\/interreg-hr-ba-me.eu\/2014\/wp-json\/wp\/v2\/users\/8"}],"replies":[{"embeddable":true,"href":"https:\/\/interreg-hr-ba-me.eu\/2014\/wp-json\/wp\/v2\/comments?post=70"}],"version-history":[{"count":3,"href":"https:\/\/interreg-hr-ba-me.eu\/2014\/wp-json\/wp\/v2\/pages\/70\/revisions"}],"predecessor-version":[{"id":7554,"href":"https:\/\/interreg-hr-ba-me.eu\/2014\/wp-json\/wp\/v2\/pages\/70\/revisions\/7554"}],"up":[{"embeddable":true,"href":"https:\/\/interreg-hr-ba-me.eu\/2014\/wp-json\/wp\/v2\/pages\/2791"}],"wp:featuredmedia":[{"embeddable":true,"href":"https:\/\/interreg-hr-ba-me.eu\/2014\/wp-json\/wp\/v2\/media\/4313"}],"wp:attachment":[{"href":"https:\/\/interreg-hr-ba-me.eu\/2014\/wp-json\/wp\/v2\/media?parent=70"}],"curies":[{"name":"wp","href":"https:\/\/api.w.org\/{rel}","templated":true}]}}